{"id":37,"date":"2026-03-05T14:23:00","date_gmt":"2026-03-05T13:23:00","guid":{"rendered":"https:\/\/axisprevention.de\/?page_id=37"},"modified":"2026-03-10T10:14:19","modified_gmt":"2026-03-10T09:14:19","slug":"impressum","status":"publish","type":"page","link":"https:\/\/axisprevention.de\/en\/impressum\/","title":{"rendered":"imprint"},"content":{"rendered":"<p>Dr. J\u00fcrgen Walther<br>St. Benedict Street 11<br>97072 W\u00fcrzburg<br>Germany<\/p>\n\n\n\n<p>Tel.: +4915203101342<br>Email: kontakt@axisprevention.com<\/p>\n\n\n\n<p>We are neither obligated nor willing to participate in dispute resolution proceedings before a consumer arbitration board.<\/p>\n\n\n\n<p><\/p>","protected":false},"excerpt":{"rendered":"<p>Dr. J\u00fcrgen Walther, St. Benedikt Stra\u00dfe 11, 97072 W\u00fcrzburg, Germany, Tel.: +4915203101342, E-Mail: kontakt@axisprevention.com. We are neither obligated nor willing to participate in dispute resolution proceedings before a consumer arbitration board.<\/p>","protected":false},"author":1,"featured_media":0,"parent":0,"menu_order":0,"comment_status":"closed","ping_status":"closed","template":"","meta":{"_kadence_starter_templates_imported_post":false,"_kad_post_transparent":"","_kad_post_title":"","_kad_post_layout":"","_kad_post_sidebar_id":"","_kad_post_content_style":"","_kad_post_vertical_padding":"","_kad_post_feature":"","_kad_post_feature_position":"","_kad_post_header":false,"_kad_post_footer":false,"_kad_post_classname":"","footnotes":""},"class_list":["post-37","page","type-page","status-publish","hentry"],"_links":{"self":[{"href":"https:\/\/axisprevention.de\/en\/wp-json\/wp\/v2\/pages\/37","targetHints":{"allow":["GET"]}}],"collection":[{"href":"https:\/\/axisprevention.de\/en\/wp-json\/wp\/v2\/pages"}],"about":[{"href":"https:\/\/axisprevention.de\/en\/wp-json\/wp\/v2\/types\/page"}],"author":[{"embeddable":true,"href":"https:\/\/axisprevention.de\/en\/wp-json\/wp\/v2\/users\/1"}],"replies":[{"embeddable":true,"href":"https:\/\/axisprevention.de\/en\/wp-json\/wp\/v2\/comments?post=37"}],"version-history":[{"count":2,"href":"https:\/\/axisprevention.de\/en\/wp-json\/wp\/v2\/pages\/37\/revisions"}],"predecessor-version":[{"id":157,"href":"https:\/\/axisprevention.de\/en\/wp-json\/wp\/v2\/pages\/37\/revisions\/157"}],"wp:attachment":[{"href":"https:\/\/axisprevention.de\/en\/wp-json\/wp\/v2\/media?parent=37"}],"curies":[{"name":"wp","href":"https:\/\/api.w.org\/{rel}","templated":true}]}}